{"id":623,"date":"2024-03-15T13:04:57","date_gmt":"2024-03-15T12:04:57","guid":{"rendered":"https:\/\/sevesophro.com\/?page_id=623"},"modified":"2024-03-28T10:56:40","modified_gmt":"2024-03-28T09:56:40","slug":"mentions-legales","status":"publish","type":"page","link":"https:\/\/sevesophro.com\/index.php\/mentions-legales\/","title":{"rendered":"Mentions l\u00e9gales"},"content":{"rendered":"\t\t<div data-elementor-type=\"wp-page\" data-elementor-id=\"623\" class=\"elementor elementor-623\">\n\t\t\t\t<div class=\"elementor-element elementor-element-ab9f790 e-flex e-con-boxed e-con e-parent\" data-id=\"ab9f790\" data-element_type=\"container\" data-e-type=\"container\">\n\t\t\t\t\t<div class=\"e-con-inner\">\n\t\t\t\t<div class=\"elementor-element elementor-element-2bcda52 elementor-widget elementor-widget-heading\" data-id=\"2bcda52\" data-element_type=\"widget\" data-e-type=\"widget\" data-widget_type=\"heading.default\">\n\t\t\t\t<div class=\"elementor-widget-container\">\n\t\t\t\t\t<h2 class=\"elementor-heading-title elementor-size-default\">Mentions l\u00e9gales<\/h2>\t\t\t\t<\/div>\n\t\t\t\t<\/div>\n\t\t\t\t<div class=\"elementor-element elementor-element-7f17906e elementor-widget elementor-widget-text-editor\" data-id=\"7f17906e\" data-element_type=\"widget\" data-e-type=\"widget\" data-widget_type=\"text-editor.default\">\n\t\t\t\t<div class=\"elementor-widget-container\">\n\t\t\t\t\t\t\t\t\t\n<p>Conform\u00e9ment aux dispositions de la loi n\u00b0 2004-575 du 21 juin 2004 pour la confiance en l\u2019\u00e9conomie num\u00e9rique, il est pr\u00e9cis\u00e9 aux utilisateurs du site sevesophro.com, l\u2019identit\u00e9 des diff\u00e9rents intervenants dans le cadre de sa r\u00e9alisation et de son suivi.<\/p>\n\n<p><strong>\u00c9dition du site<\/strong><\/p>\n\n<p>Le pr\u00e9sent site, accessible \u00e0 l\u2019URL; <a href=\"http:\/\/sevesophro.com\">http:\/\/sevesophro.com<\/a> est \u00e9dit\u00e9 par :<\/p>\n\n<p>S\u00e9verine CAHON, entrepreneur individuel, r\u00e9sidant 37 rue de Cassiop\u00e9e, 77380 Combs la Ville\u00a0<\/p>\n\n<p><strong>H\u00e9bergement<\/strong><\/p>\n\n<p><br \/>Le Site est h\u00e9berg\u00e9 par la soci\u00e9t\u00e9 Wix Online Platform Limited, situ\u00e9 1 Grant\u2019s Row, Dublin 2 D02HX96, Ireland, contact t\u00e9l\u00e9phonique : (+1) 415 358 0857.<\/p>\n\n<p><strong>Directeur de publication\u00a0<\/strong><\/p>\n\n<p>Le Directeur de la publication du Site est S\u00e9verine CAHON<br \/>Le Site a \u00e9t\u00e9 r\u00e9alis\u00e9 par Lucie BASSEVILLE.<\/p>\n\n<p><strong>Informations de contact<br \/><\/strong>Par t\u00e9l\u00e9phone : <a href=\"tel:0695009783\">0695009783<\/a><br \/>Par email : <a href=\"mailto:contact@sevesophro.com\">contact@sevesophro.com<\/a><br \/>Par courrier : S\u00e9verine CAHON 37 rue de Cassiop\u00e9e,77380 COMBS LA VILLE<\/p>\n\t\t\t\t\t\t\t\t<\/div>\n\t\t\t\t<\/div>\n\t\t\t\t\t<\/div>\n\t\t\t\t<\/div>\n\t\t\t\t<\/div>\n\t\t","protected":false},"excerpt":{"rendered":"<p>Mentions l\u00e9gales Conform\u00e9ment aux dispositions de la loi n\u00b0 2004-575 du 21 juin 2004 pour la confiance en l\u2019\u00e9conomie num\u00e9rique, il est pr\u00e9cis\u00e9 aux utilisateurs du site sevesophro.com, l\u2019identit\u00e9 des diff\u00e9rents intervenants dans le cadre de sa r\u00e9alisation et de son suivi. \u00c9dition du site Le pr\u00e9sent site, accessible \u00e0 l\u2019URL; http:\/\/sevesophro.com est \u00e9dit\u00e9 par [&hellip;]<\/p>\n","protected":false},"author":1,"featured_media":0,"parent":0,"menu_order":0,"comment_status":"closed","ping_status":"closed","template":"","meta":{"ocean_post_layout":"","ocean_both_sidebars_style":"","ocean_both_sidebars_content_width":0,"ocean_both_sidebars_sidebars_width":0,"ocean_sidebar":"","ocean_second_sidebar":"","ocean_disable_margins":"enable","ocean_add_body_class":"","ocean_shortcode_before_top_bar":"","ocean_shortcode_after_top_bar":"","ocean_shortcode_before_header":"","ocean_shortcode_after_header":"","ocean_has_shortcode":"","ocean_shortcode_after_title":"","ocean_shortcode_before_footer_widgets":"","ocean_shortcode_after_footer_widgets":"","ocean_shortcode_before_footer_bottom":"","ocean_shortcode_after_footer_bottom":"","ocean_display_top_bar":"default","ocean_display_header":"default","ocean_header_style":"","ocean_center_header_left_menu":"","ocean_custom_header_template":"","ocean_custom_logo":0,"ocean_custom_retina_logo":0,"ocean_custom_logo_max_width":0,"ocean_custom_logo_tablet_max_width":0,"ocean_custom_logo_mobile_max_width":0,"ocean_custom_logo_max_height":0,"ocean_custom_logo_tablet_max_height":0,"ocean_custom_logo_mobile_max_height":0,"ocean_header_custom_menu":"","ocean_menu_typo_font_family":"","ocean_menu_typo_font_subset":"","ocean_menu_typo_font_size":0,"ocean_menu_typo_font_size_tablet":0,"ocean_menu_typo_font_size_mobile":0,"ocean_menu_typo_font_size_unit":"px","ocean_menu_typo_font_weight":"","ocean_menu_typo_font_weight_tablet":"","ocean_menu_typo_font_weight_mobile":"","ocean_menu_typo_transform":"","ocean_menu_typo_transform_tablet":"","ocean_menu_typo_transform_mobile":"","ocean_menu_typo_line_height":0,"ocean_menu_typo_line_height_tablet":0,"ocean_menu_typo_line_height_mobile":0,"ocean_menu_typo_line_height_unit":"","ocean_menu_typo_spacing":0,"ocean_menu_typo_spacing_tablet":0,"ocean_menu_typo_spacing_mobile":0,"ocean_menu_typo_spacing_unit":"","ocean_menu_link_color":"","ocean_menu_link_color_hover":"","ocean_menu_link_color_active":"","ocean_menu_link_background":"","ocean_menu_link_hover_background":"","ocean_menu_link_active_background":"","ocean_menu_social_links_bg":"","ocean_menu_social_hover_links_bg":"","ocean_menu_social_links_color":"","ocean_menu_social_hover_links_color":"","ocean_disable_title":"default","ocean_disable_heading":"default","ocean_post_title":"","ocean_post_subheading":"","ocean_post_title_style":"","ocean_post_title_background_color":"","ocean_post_title_background":0,"ocean_post_title_bg_image_position":"","ocean_post_title_bg_image_attachment":"","ocean_post_title_bg_image_repeat":"","ocean_post_title_bg_image_size":"","ocean_post_title_height":0,"ocean_post_title_bg_overlay":0.5,"ocean_post_title_bg_overlay_color":"","ocean_disable_breadcrumbs":"default","ocean_breadcrumbs_color":"","ocean_breadcrumbs_separator_color":"","ocean_breadcrumbs_links_color":"","ocean_breadcrumbs_links_hover_color":"","ocean_display_footer_widgets":"default","ocean_display_footer_bottom":"default","ocean_custom_footer_template":"","footnotes":""},"class_list":["post-623","page","type-page","status-publish","hentry","entry"],"yoast_head":"<!-- This site is optimized with the Yoast SEO plugin v27.5 - https:\/\/yoast.com\/product\/yoast-seo-wordpress\/ -->\n<title>S\u00e9verine CAHON - Sophrologue - Mentions l\u00e9gales<\/title>\n<meta name=\"robots\" content=\"index, follow, max-snippet:-1, max-image-preview:large, max-video-preview:-1\" \/>\n<link rel=\"canonical\" href=\"https:\/\/sevesophro.com\/index.php\/mentions-legales\/\" \/>\n<meta property=\"og:locale\" content=\"en_US\" \/>\n<meta property=\"og:type\" content=\"article\" \/>\n<meta property=\"og:title\" content=\"S\u00e9verine CAHON - Sophrologue - Mentions l\u00e9gales\" \/>\n<meta property=\"og:description\" content=\"Mentions l\u00e9gales Conform\u00e9ment aux dispositions de la loi n\u00b0 2004-575 du 21 juin 2004 pour la confiance en l\u2019\u00e9conomie num\u00e9rique, il est pr\u00e9cis\u00e9 aux utilisateurs du site sevesophro.com, l\u2019identit\u00e9 des diff\u00e9rents intervenants dans le cadre de sa r\u00e9alisation et de son suivi. \u00c9dition du site Le pr\u00e9sent site, accessible \u00e0 l\u2019URL; http:\/\/sevesophro.com est \u00e9dit\u00e9 par [&hellip;]\" \/>\n<meta property=\"og:url\" content=\"https:\/\/sevesophro.com\/index.php\/mentions-legales\/\" \/>\n<meta property=\"og:site_name\" content=\"S\u00e9verine CAHON - Sophrologue\" \/>\n<meta property=\"article:modified_time\" content=\"2024-03-28T09:56:40+00:00\" \/>\n<meta name=\"twitter:card\" content=\"summary_large_image\" \/>\n<meta name=\"twitter:label1\" content=\"Est. reading time\" \/>\n\t<meta name=\"twitter:data1\" content=\"1 minute\" \/>\n<script type=\"application\/ld+json\" class=\"yoast-schema-graph\">{\"@context\":\"https:\\\/\\\/schema.org\",\"@graph\":[{\"@type\":\"WebPage\",\"@id\":\"https:\\\/\\\/sevesophro.com\\\/index.php\\\/mentions-legales\\\/\",\"url\":\"https:\\\/\\\/sevesophro.com\\\/index.php\\\/mentions-legales\\\/\",\"name\":\"S\u00e9verine CAHON - Sophrologue - Mentions l\u00e9gales\",\"isPartOf\":{\"@id\":\"https:\\\/\\\/sevesophro.com\\\/#website\"},\"datePublished\":\"2024-03-15T12:04:57+00:00\",\"dateModified\":\"2024-03-28T09:56:40+00:00\",\"breadcrumb\":{\"@id\":\"https:\\\/\\\/sevesophro.com\\\/index.php\\\/mentions-legales\\\/#breadcrumb\"},\"inLanguage\":\"en-US\",\"potentialAction\":[{\"@type\":\"ReadAction\",\"target\":[\"https:\\\/\\\/sevesophro.com\\\/index.php\\\/mentions-legales\\\/\"]}]},{\"@type\":\"BreadcrumbList\",\"@id\":\"https:\\\/\\\/sevesophro.com\\\/index.php\\\/mentions-legales\\\/#breadcrumb\",\"itemListElement\":[{\"@type\":\"ListItem\",\"position\":1,\"name\":\"Accueil\",\"item\":\"https:\\\/\\\/sevesophro.com\\\/\"},{\"@type\":\"ListItem\",\"position\":2,\"name\":\"Mentions l\u00e9gales\"}]},{\"@type\":\"WebSite\",\"@id\":\"https:\\\/\\\/sevesophro.com\\\/#website\",\"url\":\"https:\\\/\\\/sevesophro.com\\\/\",\"name\":\"S\u00e9verine CAHON - Sophrologue\",\"description\":\"Revenis \u00e0 l&#039;essence du bien-\u00eatre\",\"publisher\":{\"@id\":\"https:\\\/\\\/sevesophro.com\\\/#organization\"},\"potentialAction\":[{\"@type\":\"SearchAction\",\"target\":{\"@type\":\"EntryPoint\",\"urlTemplate\":\"https:\\\/\\\/sevesophro.com\\\/?s={search_term_string}\"},\"query-input\":{\"@type\":\"PropertyValueSpecification\",\"valueRequired\":true,\"valueName\":\"search_term_string\"}}],\"inLanguage\":\"en-US\"},{\"@type\":\"Organization\",\"@id\":\"https:\\\/\\\/sevesophro.com\\\/#organization\",\"name\":\"S\u00e9verine CAHON - Sophrologue\",\"url\":\"https:\\\/\\\/sevesophro.com\\\/\",\"logo\":{\"@type\":\"ImageObject\",\"inLanguage\":\"en-US\",\"@id\":\"https:\\\/\\\/sevesophro.com\\\/#\\\/schema\\\/logo\\\/image\\\/\",\"url\":\"https:\\\/\\\/sevesophro.com\\\/wp-content\\\/uploads\\\/2025\\\/07\\\/cropped-cropped-WhatsApp-Image-2025-07-23-at-13.38.41.jpeg\",\"contentUrl\":\"https:\\\/\\\/sevesophro.com\\\/wp-content\\\/uploads\\\/2025\\\/07\\\/cropped-cropped-WhatsApp-Image-2025-07-23-at-13.38.41.jpeg\",\"width\":354,\"height\":363,\"caption\":\"S\u00e9verine CAHON - Sophrologue \"},\"image\":{\"@id\":\"https:\\\/\\\/sevesophro.com\\\/#\\\/schema\\\/logo\\\/image\\\/\"}}]}<\/script>\n<!-- \/ Yoast SEO plugin. -->","yoast_head_json":{"title":"S\u00e9verine CAHON - Sophrologue - Mentions l\u00e9gales","robots":{"index":"index","follow":"follow","max-snippet":"max-snippet:-1","max-image-preview":"max-image-preview:large","max-video-preview":"max-video-preview:-1"},"canonical":"https:\/\/sevesophro.com\/index.php\/mentions-legales\/","og_locale":"en_US","og_type":"article","og_title":"S\u00e9verine CAHON - Sophrologue - Mentions l\u00e9gales","og_description":"Mentions l\u00e9gales Conform\u00e9ment aux dispositions de la loi n\u00b0 2004-575 du 21 juin 2004 pour la confiance en l\u2019\u00e9conomie num\u00e9rique, il est pr\u00e9cis\u00e9 aux utilisateurs du site sevesophro.com, l\u2019identit\u00e9 des diff\u00e9rents intervenants dans le cadre de sa r\u00e9alisation et de son suivi. \u00c9dition du site Le pr\u00e9sent site, accessible \u00e0 l\u2019URL; http:\/\/sevesophro.com est \u00e9dit\u00e9 par [&hellip;]","og_url":"https:\/\/sevesophro.com\/index.php\/mentions-legales\/","og_site_name":"S\u00e9verine CAHON - Sophrologue","article_modified_time":"2024-03-28T09:56:40+00:00","twitter_card":"summary_large_image","twitter_misc":{"Est. reading time":"1 minute"},"schema":{"@context":"https:\/\/schema.org","@graph":[{"@type":"WebPage","@id":"https:\/\/sevesophro.com\/index.php\/mentions-legales\/","url":"https:\/\/sevesophro.com\/index.php\/mentions-legales\/","name":"S\u00e9verine CAHON - Sophrologue - Mentions l\u00e9gales","isPartOf":{"@id":"https:\/\/sevesophro.com\/#website"},"datePublished":"2024-03-15T12:04:57+00:00","dateModified":"2024-03-28T09:56:40+00:00","breadcrumb":{"@id":"https:\/\/sevesophro.com\/index.php\/mentions-legales\/#breadcrumb"},"inLanguage":"en-US","potentialAction":[{"@type":"ReadAction","target":["https:\/\/sevesophro.com\/index.php\/mentions-legales\/"]}]},{"@type":"BreadcrumbList","@id":"https:\/\/sevesophro.com\/index.php\/mentions-legales\/#breadcrumb","itemListElement":[{"@type":"ListItem","position":1,"name":"Accueil","item":"https:\/\/sevesophro.com\/"},{"@type":"ListItem","position":2,"name":"Mentions l\u00e9gales"}]},{"@type":"WebSite","@id":"https:\/\/sevesophro.com\/#website","url":"https:\/\/sevesophro.com\/","name":"S\u00e9verine CAHON - Sophrologue","description":"Revenis \u00e0 l&#039;essence du bien-\u00eatre","publisher":{"@id":"https:\/\/sevesophro.com\/#organization"},"potentialAction":[{"@type":"SearchAction","target":{"@type":"EntryPoint","urlTemplate":"https:\/\/sevesophro.com\/?s={search_term_string}"},"query-input":{"@type":"PropertyValueSpecification","valueRequired":true,"valueName":"search_term_string"}}],"inLanguage":"en-US"},{"@type":"Organization","@id":"https:\/\/sevesophro.com\/#organization","name":"S\u00e9verine CAHON - Sophrologue","url":"https:\/\/sevesophro.com\/","logo":{"@type":"ImageObject","inLanguage":"en-US","@id":"https:\/\/sevesophro.com\/#\/schema\/logo\/image\/","url":"https:\/\/sevesophro.com\/wp-content\/uploads\/2025\/07\/cropped-cropped-WhatsApp-Image-2025-07-23-at-13.38.41.jpeg","contentUrl":"https:\/\/sevesophro.com\/wp-content\/uploads\/2025\/07\/cropped-cropped-WhatsApp-Image-2025-07-23-at-13.38.41.jpeg","width":354,"height":363,"caption":"S\u00e9verine CAHON - Sophrologue "},"image":{"@id":"https:\/\/sevesophro.com\/#\/schema\/logo\/image\/"}}]}},"_links":{"self":[{"href":"https:\/\/sevesophro.com\/index.php\/wp-json\/wp\/v2\/pages\/623","targetHints":{"allow":["GET"]}}],"collection":[{"href":"https:\/\/sevesophro.com\/index.php\/wp-json\/wp\/v2\/pages"}],"about":[{"href":"https:\/\/sevesophro.com\/index.php\/wp-json\/wp\/v2\/types\/page"}],"author":[{"embeddable":true,"href":"https:\/\/sevesophro.com\/index.php\/wp-json\/wp\/v2\/users\/1"}],"replies":[{"embeddable":true,"href":"https:\/\/sevesophro.com\/index.php\/wp-json\/wp\/v2\/comments?post=623"}],"version-history":[{"count":16,"href":"https:\/\/sevesophro.com\/index.php\/wp-json\/wp\/v2\/pages\/623\/revisions"}],"predecessor-version":[{"id":1142,"href":"https:\/\/sevesophro.com\/index.php\/wp-json\/wp\/v2\/pages\/623\/revisions\/1142"}],"wp:attachment":[{"href":"https:\/\/sevesophro.com\/index.php\/wp-json\/wp\/v2\/media?parent=623"}],"curies":[{"name":"wp","href":"https:\/\/api.w.org\/{rel}","templated":true}]}}