{"id":1934,"date":"2025-06-20T23:40:08","date_gmt":"2025-06-20T21:40:08","guid":{"rendered":"https:\/\/sevesophro.com\/?page_id=1934"},"modified":"2025-06-21T00:14:39","modified_gmt":"2025-06-20T22:14:39","slug":"intervention-en-entreprise","status":"publish","type":"page","link":"http:\/\/sevesophro.com\/index.php\/intervention-en-entreprise\/","title":{"rendered":"Intervention en entreprise"},"content":{"rendered":"\t\t<div data-elementor-type=\"wp-page\" data-elementor-id=\"1934\" class=\"elementor elementor-1934\">\n\t\t\t\t<div class=\"elementor-element elementor-element-177eb553 e-flex e-con-boxed e-con e-parent\" data-id=\"177eb553\" data-element_type=\"container\" data-e-type=\"container\" data-settings=\"{&quot;background_background&quot;:&quot;classic&quot;}\">\n\t\t\t\t\t<div class=\"e-con-inner\">\n\t\t<div class=\"elementor-element elementor-element-74b8613a e-con-full e-flex e-con e-child\" data-id=\"74b8613a\" data-element_type=\"container\" data-e-type=\"container\" data-settings=\"{&quot;background_background&quot;:&quot;classic&quot;}\">\n\t\t\t\t<div class=\"elementor-element elementor-element-1041c66a elementor-widget elementor-widget-heading\" data-id=\"1041c66a\" data-element_type=\"widget\" data-e-type=\"widget\" data-widget_type=\"heading.default\">\n\t\t\t\t<div class=\"elementor-widget-container\">\n\t\t\t\t\t<h2 class=\"elementor-heading-title elementor-size-default\">Interventions en entreprise<\/h2>\t\t\t\t<\/div>\n\t\t\t\t<\/div>\n\t\t\t\t<div class=\"elementor-element elementor-element-46072e30 elementor-widget elementor-widget-heading\" data-id=\"46072e30\" data-element_type=\"widget\" data-e-type=\"widget\" data-widget_type=\"heading.default\">\n\t\t\t\t<div class=\"elementor-widget-container\">\n\t\t\t\t\t<h2 class=\"elementor-heading-title elementor-size-default\">D\u00e9couvrez la puissance de cette pratique<\/h2>\t\t\t\t<\/div>\n\t\t\t\t<\/div>\n\t\t\t\t<\/div>\n\t\t\t\t\t<\/div>\n\t\t\t\t<\/div>\n\t\t<div class=\"elementor-element elementor-element-ad0d2fb e-flex e-con-boxed e-con e-parent\" data-id=\"ad0d2fb\" data-element_type=\"container\" data-e-type=\"container\">\n\t\t\t\t\t<div class=\"e-con-inner\">\n\t\t\t\t<div class=\"elementor-element elementor-element-b2790b9 elementor-widget elementor-widget-spacer\" data-id=\"b2790b9\" data-element_type=\"widget\" data-e-type=\"widget\" data-widget_type=\"spacer.default\">\n\t\t\t\t<div class=\"elementor-widget-container\">\n\t\t\t\t\t\t\t<div class=\"elementor-spacer\">\n\t\t\t<div class=\"elementor-spacer-inner\"><\/div>\n\t\t<\/div>\n\t\t\t\t\t\t<\/div>\n\t\t\t\t<\/div>\n\t\t\t\t\t<\/div>\n\t\t\t\t<\/div>\n\t\t<div class=\"elementor-element elementor-element-2a151365 e-flex e-con-boxed e-con e-parent\" data-id=\"2a151365\" data-element_type=\"container\" data-e-type=\"container\">\n\t\t\t\t\t<div class=\"e-con-inner\">\n\t\t\t\t<div class=\"elementor-element elementor-element-60becbc3 elementor-widget elementor-widget-heading\" data-id=\"60becbc3\" data-element_type=\"widget\" data-e-type=\"widget\" data-widget_type=\"heading.default\">\n\t\t\t\t<div class=\"elementor-widget-container\">\n\t\t\t\t\t<h1 class=\"elementor-heading-title elementor-size-default\">D\u00e9couvrez les interventions en entreprise<\/h1>\t\t\t\t<\/div>\n\t\t\t\t<\/div>\n\t\t\t\t\t<\/div>\n\t\t\t\t<\/div>\n\t\t<div class=\"elementor-element elementor-element-6dbabd6 e-flex e-con-boxed e-con e-parent\" data-id=\"6dbabd6\" data-element_type=\"container\" data-e-type=\"container\">\n\t\t\t\t\t<div class=\"e-con-inner\">\n\t\t\t\t<div class=\"elementor-element elementor-element-29f51da elementor-widget elementor-widget-spacer\" data-id=\"29f51da\" data-element_type=\"widget\" data-e-type=\"widget\" data-widget_type=\"spacer.default\">\n\t\t\t\t<div class=\"elementor-widget-container\">\n\t\t\t\t\t\t\t<div class=\"elementor-spacer\">\n\t\t\t<div class=\"elementor-spacer-inner\"><\/div>\n\t\t<\/div>\n\t\t\t\t\t\t<\/div>\n\t\t\t\t<\/div>\n\t\t\t\t\t<\/div>\n\t\t\t\t<\/div>\n\t\t<div class=\"elementor-element elementor-element-4578ad4 e-flex e-con-boxed e-con e-parent\" data-id=\"4578ad4\" data-element_type=\"container\" data-e-type=\"container\">\n\t\t\t\t\t<div class=\"e-con-inner\">\n\t\t<div class=\"elementor-element elementor-element-e6d5042 e-con-full e-flex e-con e-child\" data-id=\"e6d5042\" data-element_type=\"container\" data-e-type=\"container\">\n\t\t\t\t<div class=\"elementor-element elementor-element-37bb788 elementor-widget elementor-widget-heading\" data-id=\"37bb788\" data-element_type=\"widget\" data-e-type=\"widget\" data-widget_type=\"heading.default\">\n\t\t\t\t<div class=\"elementor-widget-container\">\n\t\t\t\t\t<h2 class=\"elementor-heading-title elementor-size-default\">Parmi mes clients<\/h2>\t\t\t\t<\/div>\n\t\t\t\t<\/div>\n\t\t\t\t<div class=\"elementor-element elementor-element-5b78c49 elementor-widget elementor-widget-text-editor\" data-id=\"5b78c49\" data-element_type=\"widget\" data-e-type=\"widget\" data-widget_type=\"text-editor.default\">\n\t\t\t\t<div class=\"elementor-widget-container\">\n\t\t\t\t\t\t\t\t\t<p><span style=\"font-size: 14px; text-align: var(--text-align);\"><strong>Autonomii formation<\/strong>: formations destin\u00e9es \u00e0 un public d&#8217;auxiliaires de vie<\/span><\/p><p><strong>Institut de Formation en Soins Infirmiers<\/strong>: ateliers destin\u00e9s aux \u00e9tudiant.e.s infirmier.\u00e8re.s<\/p><p><strong>Air Liquide<\/strong>: webinaire organis\u00e9 dans le cadre d&#8217;octobre rose<\/p>\t\t\t\t\t\t\t\t<\/div>\n\t\t\t\t<\/div>\n\t\t\t\t<div class=\"elementor-element elementor-element-105f7d5 elementor-widget elementor-widget-heading\" data-id=\"105f7d5\" data-element_type=\"widget\" data-e-type=\"widget\" data-widget_type=\"heading.default\">\n\t\t\t\t<div class=\"elementor-widget-container\">\n\t\t\t\t\t<h2 class=\"elementor-heading-title elementor-size-default\">\"Soutenir les m\u00e9tiers du lien par la formation\"<\/h2>\t\t\t\t<\/div>\n\t\t\t\t<\/div>\n\t\t\t\t<\/div>\n\t\t<div class=\"elementor-element elementor-element-4264879 e-con-full e-flex e-con e-child\" data-id=\"4264879\" data-element_type=\"container\" data-e-type=\"container\">\n\t\t<div class=\"elementor-element elementor-element-36dfbb7 e-con-full e-flex e-con e-child\" data-id=\"36dfbb7\" data-element_type=\"container\" data-e-type=\"container\">\n\t\t\t\t<div class=\"elementor-element elementor-element-c377603 elementor-widget elementor-widget-image\" data-id=\"c377603\" data-element_type=\"widget\" data-e-type=\"widget\" data-widget_type=\"image.default\">\n\t\t\t\t<div class=\"elementor-widget-container\">\n\t\t\t\t\t\t\t\t\t\t\t\t\t\t\t<img fetchpriority=\"high\" decoding=\"async\" width=\"640\" height=\"480\" src=\"https:\/\/sevesophro.com\/wp-content\/uploads\/2025\/04\/IMG_0423-rotated.jpeg\" class=\"attachment-large size-large wp-image-1716\" alt=\"\" \/>\t\t\t\t\t\t\t\t\t\t\t\t\t\t\t<\/div>\n\t\t\t\t<\/div>\n\t\t\t\t<\/div>\n\t\t\t\t<\/div>\n\t\t\t\t\t<\/div>\n\t\t\t\t<\/div>\n\t\t<div class=\"elementor-element elementor-element-0a480a1 e-flex e-con-boxed e-con e-parent\" data-id=\"0a480a1\" data-element_type=\"container\" data-e-type=\"container\">\n\t\t\t\t\t<div class=\"e-con-inner\">\n\t\t\t\t<div class=\"elementor-element elementor-element-498460e elementor-widget elementor-widget-spacer\" data-id=\"498460e\" data-element_type=\"widget\" data-e-type=\"widget\" data-widget_type=\"spacer.default\">\n\t\t\t\t<div class=\"elementor-widget-container\">\n\t\t\t\t\t\t\t<div class=\"elementor-spacer\">\n\t\t\t<div class=\"elementor-spacer-inner\"><\/div>\n\t\t<\/div>\n\t\t\t\t\t\t<\/div>\n\t\t\t\t<\/div>\n\t\t\t\t\t<\/div>\n\t\t\t\t<\/div>\n\t\t\t\t<\/div>\n\t\t","protected":false},"excerpt":{"rendered":"<p>Interventions en entreprise D\u00e9couvrez la puissance de cette pratique D\u00e9couvrez les interventions en entreprise Parmi mes clients Autonomii formation: formations destin\u00e9es \u00e0 un public d&#8217;auxiliaires de vie Institut de Formation en Soins Infirmiers: ateliers destin\u00e9s aux \u00e9tudiant.e.s infirmier.\u00e8re.s Air Liquide: webinaire organis\u00e9 dans le cadre d&#8217;octobre rose &#8220;Soutenir les m\u00e9tiers du lien par la formation&#8221;<\/p>\n","protected":false},"author":1,"featured_media":0,"parent":0,"menu_order":0,"comment_status":"closed","ping_status":"closed","template":"","meta":{"ocean_post_layout":"","ocean_both_sidebars_style":"","ocean_both_sidebars_content_width":0,"ocean_both_sidebars_sidebars_width":0,"ocean_sidebar":"","ocean_second_sidebar":"","ocean_disable_margins":"enable","ocean_add_body_class":"","ocean_shortcode_before_top_bar":"","ocean_shortcode_after_top_bar":"","ocean_shortcode_before_header":"","ocean_shortcode_after_header":"","ocean_has_shortcode":"","ocean_shortcode_after_title":"","ocean_shortcode_before_footer_widgets":"","ocean_shortcode_after_footer_widgets":"","ocean_shortcode_before_footer_bottom":"","ocean_shortcode_after_footer_bottom":"","ocean_display_top_bar":"default","ocean_display_header":"default","ocean_header_style":"","ocean_center_header_left_menu":"","ocean_custom_header_template":"","ocean_custom_logo":0,"ocean_custom_retina_logo":0,"ocean_custom_logo_max_width":0,"ocean_custom_logo_tablet_max_width":0,"ocean_custom_logo_mobile_max_width":0,"ocean_custom_logo_max_height":0,"ocean_custom_logo_tablet_max_height":0,"ocean_custom_logo_mobile_max_height":0,"ocean_header_custom_menu":"","ocean_menu_typo_font_family":"","ocean_menu_typo_font_subset":"","ocean_menu_typo_font_size":0,"ocean_menu_typo_font_size_tablet":0,"ocean_menu_typo_font_size_mobile":0,"ocean_menu_typo_font_size_unit":"px","ocean_menu_typo_font_weight":"","ocean_menu_typo_font_weight_tablet":"","ocean_menu_typo_font_weight_mobile":"","ocean_menu_typo_transform":"","ocean_menu_typo_transform_tablet":"","ocean_menu_typo_transform_mobile":"","ocean_menu_typo_line_height":0,"ocean_menu_typo_line_height_tablet":0,"ocean_menu_typo_line_height_mobile":0,"ocean_menu_typo_line_height_unit":"","ocean_menu_typo_spacing":0,"ocean_menu_typo_spacing_tablet":0,"ocean_menu_typo_spacing_mobile":0,"ocean_menu_typo_spacing_unit":"","ocean_menu_link_color":"","ocean_menu_link_color_hover":"","ocean_menu_link_color_active":"","ocean_menu_link_background":"","ocean_menu_link_hover_background":"","ocean_menu_link_active_background":"","ocean_menu_social_links_bg":"","ocean_menu_social_hover_links_bg":"","ocean_menu_social_links_color":"","ocean_menu_social_hover_links_color":"","ocean_disable_title":"default","ocean_disable_heading":"default","ocean_post_title":"","ocean_post_subheading":"","ocean_post_title_style":"","ocean_post_title_background_color":"","ocean_post_title_background":0,"ocean_post_title_bg_image_position":"","ocean_post_title_bg_image_attachment":"","ocean_post_title_bg_image_repeat":"","ocean_post_title_bg_image_size":"","ocean_post_title_height":0,"ocean_post_title_bg_overlay":0.5,"ocean_post_title_bg_overlay_color":"","ocean_disable_breadcrumbs":"default","ocean_breadcrumbs_color":"","ocean_breadcrumbs_separator_color":"","ocean_breadcrumbs_links_color":"","ocean_breadcrumbs_links_hover_color":"","ocean_display_footer_widgets":"default","ocean_display_footer_bottom":"default","ocean_custom_footer_template":"","footnotes":""},"class_list":["post-1934","page","type-page","status-publish","hentry","entry"],"yoast_head":"<!-- This site is optimized with the Yoast SEO plugin v27.4 - https:\/\/yoast.com\/product\/yoast-seo-wordpress\/ -->\n<title>Intervention en entreprise - S\u00e9verine CAHON - Sophrologue<\/title>\n<meta name=\"robots\" content=\"index, follow, max-snippet:-1, max-image-preview:large, max-video-preview:-1\" \/>\n<link rel=\"canonical\" href=\"https:\/\/sevesophro.com\/index.php\/intervention-en-entreprise\/\" \/>\n<meta property=\"og:locale\" content=\"en_US\" \/>\n<meta property=\"og:type\" content=\"article\" \/>\n<meta property=\"og:title\" content=\"Intervention en entreprise - S\u00e9verine CAHON - Sophrologue\" \/>\n<meta property=\"og:description\" content=\"Interventions en entreprise D\u00e9couvrez la puissance de cette pratique D\u00e9couvrez les interventions en entreprise Parmi mes clients Autonomii formation: formations destin\u00e9es \u00e0 un public d&#8217;auxiliaires de vie Institut de Formation en Soins Infirmiers: ateliers destin\u00e9s aux \u00e9tudiant.e.s infirmier.\u00e8re.s Air Liquide: webinaire organis\u00e9 dans le cadre d&#8217;octobre rose &#8220;Soutenir les m\u00e9tiers du lien par la formation&#8221;\" \/>\n<meta property=\"og:url\" content=\"https:\/\/sevesophro.com\/index.php\/intervention-en-entreprise\/\" \/>\n<meta property=\"og:site_name\" content=\"S\u00e9verine CAHON - Sophrologue\" \/>\n<meta property=\"article:modified_time\" content=\"2025-06-20T22:14:39+00:00\" \/>\n<meta property=\"og:image\" content=\"http:\/\/sevesophro.com\/wp-content\/uploads\/2025\/04\/IMG_0423-rotated.jpeg\" \/>\n<meta name=\"twitter:card\" content=\"summary_large_image\" \/>\n<meta name=\"twitter:label1\" content=\"Est. reading time\" \/>\n\t<meta name=\"twitter:data1\" content=\"1 minute\" \/>\n<script type=\"application\/ld+json\" class=\"yoast-schema-graph\">{\"@context\":\"https:\\\/\\\/schema.org\",\"@graph\":[{\"@type\":\"WebPage\",\"@id\":\"https:\\\/\\\/sevesophro.com\\\/index.php\\\/intervention-en-entreprise\\\/\",\"url\":\"https:\\\/\\\/sevesophro.com\\\/index.php\\\/intervention-en-entreprise\\\/\",\"name\":\"Intervention en entreprise - S\u00e9verine CAHON - Sophrologue\",\"isPartOf\":{\"@id\":\"http:\\\/\\\/sevesophro.com\\\/#website\"},\"primaryImageOfPage\":{\"@id\":\"https:\\\/\\\/sevesophro.com\\\/index.php\\\/intervention-en-entreprise\\\/#primaryimage\"},\"image\":{\"@id\":\"https:\\\/\\\/sevesophro.com\\\/index.php\\\/intervention-en-entreprise\\\/#primaryimage\"},\"thumbnailUrl\":\"http:\\\/\\\/sevesophro.com\\\/wp-content\\\/uploads\\\/2025\\\/04\\\/IMG_0423-rotated.jpeg\",\"datePublished\":\"2025-06-20T21:40:08+00:00\",\"dateModified\":\"2025-06-20T22:14:39+00:00\",\"breadcrumb\":{\"@id\":\"https:\\\/\\\/sevesophro.com\\\/index.php\\\/intervention-en-entreprise\\\/#breadcrumb\"},\"inLanguage\":\"en-US\",\"potentialAction\":[{\"@type\":\"ReadAction\",\"target\":[\"https:\\\/\\\/sevesophro.com\\\/index.php\\\/intervention-en-entreprise\\\/\"]}]},{\"@type\":\"ImageObject\",\"inLanguage\":\"en-US\",\"@id\":\"https:\\\/\\\/sevesophro.com\\\/index.php\\\/intervention-en-entreprise\\\/#primaryimage\",\"url\":\"http:\\\/\\\/sevesophro.com\\\/wp-content\\\/uploads\\\/2025\\\/04\\\/IMG_0423-rotated.jpeg\",\"contentUrl\":\"http:\\\/\\\/sevesophro.com\\\/wp-content\\\/uploads\\\/2025\\\/04\\\/IMG_0423-rotated.jpeg\"},{\"@type\":\"BreadcrumbList\",\"@id\":\"https:\\\/\\\/sevesophro.com\\\/index.php\\\/intervention-en-entreprise\\\/#breadcrumb\",\"itemListElement\":[{\"@type\":\"ListItem\",\"position\":1,\"name\":\"Accueil\",\"item\":\"http:\\\/\\\/sevesophro.com\\\/\"},{\"@type\":\"ListItem\",\"position\":2,\"name\":\"Intervention en entreprise\"}]},{\"@type\":\"WebSite\",\"@id\":\"http:\\\/\\\/sevesophro.com\\\/#website\",\"url\":\"http:\\\/\\\/sevesophro.com\\\/\",\"name\":\"S\u00e9verine CAHON - Sophrologue\",\"description\":\"Revenis \u00e0 l&#039;essence du bien-\u00eatre\",\"publisher\":{\"@id\":\"http:\\\/\\\/sevesophro.com\\\/#organization\"},\"potentialAction\":[{\"@type\":\"SearchAction\",\"target\":{\"@type\":\"EntryPoint\",\"urlTemplate\":\"http:\\\/\\\/sevesophro.com\\\/?s={search_term_string}\"},\"query-input\":{\"@type\":\"PropertyValueSpecification\",\"valueRequired\":true,\"valueName\":\"search_term_string\"}}],\"inLanguage\":\"en-US\"},{\"@type\":\"Organization\",\"@id\":\"http:\\\/\\\/sevesophro.com\\\/#organization\",\"name\":\"S\u00e9verine CAHON - Sophrologue\",\"url\":\"http:\\\/\\\/sevesophro.com\\\/\",\"logo\":{\"@type\":\"ImageObject\",\"inLanguage\":\"en-US\",\"@id\":\"http:\\\/\\\/sevesophro.com\\\/#\\\/schema\\\/logo\\\/image\\\/\",\"url\":\"http:\\\/\\\/sevesophro.com\\\/wp-content\\\/uploads\\\/2025\\\/07\\\/cropped-cropped-WhatsApp-Image-2025-07-23-at-13.38.41.jpeg\",\"contentUrl\":\"http:\\\/\\\/sevesophro.com\\\/wp-content\\\/uploads\\\/2025\\\/07\\\/cropped-cropped-WhatsApp-Image-2025-07-23-at-13.38.41.jpeg\",\"width\":354,\"height\":363,\"caption\":\"S\u00e9verine CAHON - Sophrologue \"},\"image\":{\"@id\":\"http:\\\/\\\/sevesophro.com\\\/#\\\/schema\\\/logo\\\/image\\\/\"}}]}<\/script>\n<!-- \/ Yoast SEO plugin. -->","yoast_head_json":{"title":"Intervention en entreprise - S\u00e9verine CAHON - Sophrologue","robots":{"index":"index","follow":"follow","max-snippet":"max-snippet:-1","max-image-preview":"max-image-preview:large","max-video-preview":"max-video-preview:-1"},"canonical":"https:\/\/sevesophro.com\/index.php\/intervention-en-entreprise\/","og_locale":"en_US","og_type":"article","og_title":"Intervention en entreprise - S\u00e9verine CAHON - Sophrologue","og_description":"Interventions en entreprise D\u00e9couvrez la puissance de cette pratique D\u00e9couvrez les interventions en entreprise Parmi mes clients Autonomii formation: formations destin\u00e9es \u00e0 un public d&#8217;auxiliaires de vie Institut de Formation en Soins Infirmiers: ateliers destin\u00e9s aux \u00e9tudiant.e.s infirmier.\u00e8re.s Air Liquide: webinaire organis\u00e9 dans le cadre d&#8217;octobre rose &#8220;Soutenir les m\u00e9tiers du lien par la formation&#8221;","og_url":"https:\/\/sevesophro.com\/index.php\/intervention-en-entreprise\/","og_site_name":"S\u00e9verine CAHON - Sophrologue","article_modified_time":"2025-06-20T22:14:39+00:00","og_image":[{"url":"http:\/\/sevesophro.com\/wp-content\/uploads\/2025\/04\/IMG_0423-rotated.jpeg","type":"","width":"","height":""}],"twitter_card":"summary_large_image","twitter_misc":{"Est. reading time":"1 minute"},"schema":{"@context":"https:\/\/schema.org","@graph":[{"@type":"WebPage","@id":"https:\/\/sevesophro.com\/index.php\/intervention-en-entreprise\/","url":"https:\/\/sevesophro.com\/index.php\/intervention-en-entreprise\/","name":"Intervention en entreprise - S\u00e9verine CAHON - Sophrologue","isPartOf":{"@id":"http:\/\/sevesophro.com\/#website"},"primaryImageOfPage":{"@id":"https:\/\/sevesophro.com\/index.php\/intervention-en-entreprise\/#primaryimage"},"image":{"@id":"https:\/\/sevesophro.com\/index.php\/intervention-en-entreprise\/#primaryimage"},"thumbnailUrl":"http:\/\/sevesophro.com\/wp-content\/uploads\/2025\/04\/IMG_0423-rotated.jpeg","datePublished":"2025-06-20T21:40:08+00:00","dateModified":"2025-06-20T22:14:39+00:00","breadcrumb":{"@id":"https:\/\/sevesophro.com\/index.php\/intervention-en-entreprise\/#breadcrumb"},"inLanguage":"en-US","potentialAction":[{"@type":"ReadAction","target":["https:\/\/sevesophro.com\/index.php\/intervention-en-entreprise\/"]}]},{"@type":"ImageObject","inLanguage":"en-US","@id":"https:\/\/sevesophro.com\/index.php\/intervention-en-entreprise\/#primaryimage","url":"http:\/\/sevesophro.com\/wp-content\/uploads\/2025\/04\/IMG_0423-rotated.jpeg","contentUrl":"http:\/\/sevesophro.com\/wp-content\/uploads\/2025\/04\/IMG_0423-rotated.jpeg"},{"@type":"BreadcrumbList","@id":"https:\/\/sevesophro.com\/index.php\/intervention-en-entreprise\/#breadcrumb","itemListElement":[{"@type":"ListItem","position":1,"name":"Accueil","item":"http:\/\/sevesophro.com\/"},{"@type":"ListItem","position":2,"name":"Intervention en entreprise"}]},{"@type":"WebSite","@id":"http:\/\/sevesophro.com\/#website","url":"http:\/\/sevesophro.com\/","name":"S\u00e9verine CAHON - Sophrologue","description":"Revenis \u00e0 l&#039;essence du bien-\u00eatre","publisher":{"@id":"http:\/\/sevesophro.com\/#organization"},"potentialAction":[{"@type":"SearchAction","target":{"@type":"EntryPoint","urlTemplate":"http:\/\/sevesophro.com\/?s={search_term_string}"},"query-input":{"@type":"PropertyValueSpecification","valueRequired":true,"valueName":"search_term_string"}}],"inLanguage":"en-US"},{"@type":"Organization","@id":"http:\/\/sevesophro.com\/#organization","name":"S\u00e9verine CAHON - Sophrologue","url":"http:\/\/sevesophro.com\/","logo":{"@type":"ImageObject","inLanguage":"en-US","@id":"http:\/\/sevesophro.com\/#\/schema\/logo\/image\/","url":"http:\/\/sevesophro.com\/wp-content\/uploads\/2025\/07\/cropped-cropped-WhatsApp-Image-2025-07-23-at-13.38.41.jpeg","contentUrl":"http:\/\/sevesophro.com\/wp-content\/uploads\/2025\/07\/cropped-cropped-WhatsApp-Image-2025-07-23-at-13.38.41.jpeg","width":354,"height":363,"caption":"S\u00e9verine CAHON - Sophrologue "},"image":{"@id":"http:\/\/sevesophro.com\/#\/schema\/logo\/image\/"}}]}},"_links":{"self":[{"href":"http:\/\/sevesophro.com\/index.php\/wp-json\/wp\/v2\/pages\/1934","targetHints":{"allow":["GET"]}}],"collection":[{"href":"http:\/\/sevesophro.com\/index.php\/wp-json\/wp\/v2\/pages"}],"about":[{"href":"http:\/\/sevesophro.com\/index.php\/wp-json\/wp\/v2\/types\/page"}],"author":[{"embeddable":true,"href":"http:\/\/sevesophro.com\/index.php\/wp-json\/wp\/v2\/users\/1"}],"replies":[{"embeddable":true,"href":"http:\/\/sevesophro.com\/index.php\/wp-json\/wp\/v2\/comments?post=1934"}],"version-history":[{"count":19,"href":"http:\/\/sevesophro.com\/index.php\/wp-json\/wp\/v2\/pages\/1934\/revisions"}],"predecessor-version":[{"id":1984,"href":"http:\/\/sevesophro.com\/index.php\/wp-json\/wp\/v2\/pages\/1934\/revisions\/1984"}],"wp:attachment":[{"href":"http:\/\/sevesophro.com\/index.php\/wp-json\/wp\/v2\/media?parent=1934"}],"curies":[{"name":"wp","href":"https:\/\/api.w.org\/{rel}","templated":true}]}}